{"id":8,"date":"2013-03-01T15:51:51","date_gmt":"2013-03-01T15:51:51","guid":{"rendered":"http:\/\/localhost\/jedzok\/?page_id=8"},"modified":"2013-08-13T16:44:17","modified_gmt":"2013-08-13T15:44:17","slug":"cv","status":"publish","type":"page","link":"https:\/\/www.jedzok.com\/?page_id=8","title":{"rendered":"CV"},"content":{"rendered":"<p><b>Darek Jedzok :<\/b><\/p>\n<p><strong>p\u0159ekladatel a tlumo\u010dn\u00edk z\/do polsk\u00e9ho jazyka, novin\u00e1\u0159<\/strong><br \/>\nnarozen 18. \u0159\u00edjna 1981 v Hav\u00ed\u0159ov\u011b<br \/>\n2003 : zah\u00e1jen\u00ed profesion\u00e1ln\u00ed p\u0159ekladatelsk\u00e9 \u010dinnosti<\/p>\n<p><b>Vzd\u011bl\u00e1n\u00ed :<\/b><br \/>\n2001 : maturita z polsk\u00e9ho i \u010desk\u00e9ho jazyka na Gymn\u00e1ziu<br \/>\ns polsk\u00fdm jazykem vyu\u010dovac\u00edm v \u010cesk\u00e9m T\u011b\u0161\u00edn\u011b<br \/>\n2001-2002 : studium na Filozofick\u00e9 fakult\u011b Jagellonsk\u00e9 univerzity v\u00a0polsk\u00e9m\u00a0Krakov\u011b<br \/>\n2002-2007 : studium na Etnologick\u00e9 fakult\u011b Slezsk\u00e9 univerzity v\u00a0polsk\u00e9m\u00a0Cieszynie<br \/>\n2012: titul Magistr etnologie a kulturn\u00ed antropologie<\/p>\n<p><b>Ostatn\u00ed aktivity :<\/b><br \/>\n\u017eurnalistika : G\u0142os Ludu (fejetony, redaktor rubriky Pop Art),<br \/>\nnovin\u00e1\u0159 na\u00a0voln\u00e9 noze (Report, Moravskoslezsk\u00fd den, Zwrot, Ogniwo)<br \/>\npoesie a pr\u00f3za : uk\u00e1zky v magaz\u00ednech Host a Weles,<br \/>\n\u010desko-polsk\u00e1 sb\u00edrka\u00a0Pusto (nominace na cenu J. Ortena 2004)<\/p>\n<p><strong>Z\u00e1jmy:<br \/>\n<\/strong>cestov\u00e1n\u00ed, fotografie, literatura, zoologie<\/p>\n","protected":false},"excerpt":{"rendered":"<p>Darek Jedzok : p\u0159ekladatel a tlumo\u010dn\u00edk z\/do polsk\u00e9ho jazyka, novin\u00e1\u0159 narozen 18. \u0159\u00edjna 1981 v Hav\u00ed\u0159ov\u011b 2003 : zah\u00e1jen\u00ed profesion\u00e1ln\u00ed p\u0159ekladatelsk\u00e9 \u010dinnosti Vzd\u011bl\u00e1n\u00ed : 2001 : maturita z polsk\u00e9ho i \u010desk\u00e9ho jazyka na Gymn\u00e1ziu s polsk\u00fdm jazykem vyu\u010dovac\u00edm v \u010cesk\u00e9m T\u011b\u0161\u00edn\u011b 2001-2002 : studium na Filozofick\u00e9 fakult\u011b Jagellonsk\u00e9 univerzity v\u00a0polsk\u00e9m\u00a0Krakov\u011b 2002-2007 : studium na Etnologick\u00e9 [&hellip;]<\/p>\n","protected":false},"author":1,"featured_media":0,"parent":0,"menu_order":2,"comment_status":"open","ping_status":"closed","template":"","meta":[],"_links":{"self":[{"href":"https:\/\/www.jedzok.com\/index.php?rest_route=\/wp\/v2\/pages\/8"}],"collection":[{"href":"https:\/\/www.jedzok.com\/index.php?rest_route=\/wp\/v2\/pages"}],"about":[{"href":"https:\/\/www.jedzok.com\/index.php?rest_route=\/wp\/v2\/types\/page"}],"author":[{"embeddable":true,"href":"https:\/\/www.jedzok.com\/index.php?rest_route=\/wp\/v2\/users\/1"}],"replies":[{"embeddable":true,"href":"https:\/\/www.jedzok.com\/index.php?rest_route=%2Fwp%2Fv2%2Fcomments&post=8"}],"version-history":[{"count":9,"href":"https:\/\/www.jedzok.com\/index.php?rest_route=\/wp\/v2\/pages\/8\/revisions"}],"predecessor-version":[{"id":75,"href":"https:\/\/www.jedzok.com\/index.php?rest_route=\/wp\/v2\/pages\/8\/revisions\/75"}],"wp:attachment":[{"href":"https:\/\/www.jedzok.com\/index.php?rest_route=%2Fwp%2Fv2%2Fmedia&parent=8"}],"curies":[{"name":"wp","href":"https:\/\/api.w.org\/{rel}","templated":true}]}}