{"id":54,"date":"2013-08-13T16:15:41","date_gmt":"2013-08-13T15:15:41","guid":{"rendered":"http:\/\/new.jedzok.com\/?page_id=54"},"modified":"2013-10-15T09:30:52","modified_gmt":"2013-10-15T08:30:52","slug":"reference","status":"publish","type":"page","link":"https:\/\/www.jedzok.com\/?page_id=54","title":{"rendered":"Reference"},"content":{"rendered":"<p>Na t\u00e9to str\u00e1nce naleznete stru\u010dn\u00fd p\u0159ehled z\u00e1kazn\u00edk\u016f a p\u0159ekladatelsk\u00fdch agentur, pro kter\u00e9 jsem pracoval na p\u0159ekladech do pol\u0161tiny. V n\u00e1sleduj\u00edc\u00ed \u010d\u00e1sti brzy um\u00edst\u00edm n\u011bkolik uk\u00e1zkov\u00fdch referen\u010dn\u00edch dopis\u016f.<\/p>\n<p><strong>Z\u00e1kazn\u00edci:<\/strong><\/p>\n<p>Avion Shopping Park Brno, BMT a.s., divadlo Teatr Jelenia G\u00f3ra, filmov\u00fd festival Kino na hranici, \u00a0Ivan Ml\u00e1dek, M\u011bstsk\u00fd \u00fa\u0159ad Brunt\u00e1l, Ly\u017ea\u0159sk\u00fd are\u00e1l SKiMU, Nadace Petrkl\u00ed\u010d, V\u0160 B\u00e1\u0148sk\u00e1<\/p>\n<p><strong>Agentury:<\/strong><\/p>\n<p>Adit, Azra, Alfa CZ, Hero Translating, Progresso, P\u0159eklady Ihned, Sk\u0159iv\u00e1nek<\/p>\n<p><strong>Referen\u010dn\u00ed dopisy:<\/strong><\/p>\n<p><a href=\"http:\/\/www.jedzok.com\/wp-content\/uploads\/2013\/08\/bruntal.jpg\" rel=\"lightbox[54]\"><img loading=\"lazy\" class=\"alignnone size-thumbnail wp-image-60\" alt=\"bruntal\" src=\"http:\/\/www.jedzok.com\/wp-content\/uploads\/2013\/08\/bruntal-240x160.jpg\" width=\"240\" height=\"160\" \/><\/a><\/p>\n","protected":false},"excerpt":{"rendered":"<p>Na t\u00e9to str\u00e1nce naleznete stru\u010dn\u00fd p\u0159ehled z\u00e1kazn\u00edk\u016f a p\u0159ekladatelsk\u00fdch agentur, pro kter\u00e9 jsem pracoval na p\u0159ekladech do pol\u0161tiny. V n\u00e1sleduj\u00edc\u00ed \u010d\u00e1sti brzy um\u00edst\u00edm n\u011bkolik uk\u00e1zkov\u00fdch referen\u010dn\u00edch dopis\u016f. Z\u00e1kazn\u00edci: Avion Shopping Park Brno, BMT a.s., divadlo Teatr Jelenia G\u00f3ra, filmov\u00fd festival Kino na hranici, \u00a0Ivan Ml\u00e1dek, M\u011bstsk\u00fd \u00fa\u0159ad Brunt\u00e1l, Ly\u017ea\u0159sk\u00fd are\u00e1l SKiMU, Nadace Petrkl\u00ed\u010d, V\u0160 B\u00e1\u0148sk\u00e1 [&hellip;]<\/p>\n","protected":false},"author":2,"featured_media":0,"parent":0,"menu_order":3,"comment_status":"closed","ping_status":"closed","template":"","meta":[],"_links":{"self":[{"href":"https:\/\/www.jedzok.com\/index.php?rest_route=\/wp\/v2\/pages\/54"}],"collection":[{"href":"https:\/\/www.jedzok.com\/index.php?rest_route=\/wp\/v2\/pages"}],"about":[{"href":"https:\/\/www.jedzok.com\/index.php?rest_route=\/wp\/v2\/types\/page"}],"author":[{"embeddable":true,"href":"https:\/\/www.jedzok.com\/index.php?rest_route=\/wp\/v2\/users\/2"}],"replies":[{"embeddable":true,"href":"https:\/\/www.jedzok.com\/index.php?rest_route=%2Fwp%2Fv2%2Fcomments&post=54"}],"version-history":[{"count":12,"href":"https:\/\/www.jedzok.com\/index.php?rest_route=\/wp\/v2\/pages\/54\/revisions"}],"predecessor-version":[{"id":84,"href":"https:\/\/www.jedzok.com\/index.php?rest_route=\/wp\/v2\/pages\/54\/revisions\/84"}],"wp:attachment":[{"href":"https:\/\/www.jedzok.com\/index.php?rest_route=%2Fwp%2Fv2%2Fmedia&parent=54"}],"curies":[{"name":"wp","href":"https:\/\/api.w.org\/{rel}","templated":true}]}}