{"id":5,"date":"2013-03-01T15:31:12","date_gmt":"2013-03-01T15:31:12","guid":{"rendered":"http:\/\/localhost\/jedzok\/?page_id=5"},"modified":"2015-12-08T12:55:18","modified_gmt":"2015-12-08T11:55:18","slug":"polski-witam-serdecznie","status":"publish","type":"page","link":"https:\/\/www.jedzok.com\/","title":{"rendered":"\u00davod"},"content":{"rendered":"<p>Jmenuji se Darek Jedzok &#8211; jsem bilingvn\u00ed rodil\u00fd mluv\u010d\u00ed, zab\u00fdv\u00e1m se p\u0159eklady a tlumo\u010den\u00edm z\/do pol\u0161tiny. Za dobu m\u00e9ho p\u016fsoben\u00ed v bran\u017ei jsem pracoval s pestrou paletou text\u016f &#8211; od obchodn\u00ed korespondence a\u017e po texty um\u011bleck\u00e9.<\/p>\n<p>K m\u00fdm spokojen\u00fdm klient\u016fm pat\u0159\u00ed nap\u0159\u00edklad p\u00edsni\u010dk\u00e1\u0159 Ivan Ml\u00e1dek, \u010detn\u00e9 nadn\u00e1rodn\u00ed spole\u010dnosti a kulturn\u00ed instituce, pro kter\u00e9 jsem zaji\u0161\u0165oval p\u0159eklady webov\u00fdch str\u00e1nek, obchodn\u00edch katalog\u016f a marketingov\u00fdch text\u016f a publikac\u00ed.<\/p>\n<p>Samoz\u0159ejmost\u00ed je pro mne kvalita p\u0159ekladu, velmi p\u0159\u00edzniv\u00e1 cena a\u00a0v\u00a0neposledn\u00ed \u0159ad\u011b tak\u00e9 p\u0159\u00edm\u00fd kontakt se z\u00e1kazn\u00edkem. Cel\u00e1 komunikace ale m\u016f\u017ee tak\u00e9 prob\u011bhnout elektronicky &#8211; od zad\u00e1n\u00ed zak\u00e1zky a\u017e po vystaven\u00ed faktury a platbu.<\/p>\n<p>P\u0159ij\u00edm\u00e1m zak\u00e1zky z cel\u00e9 \u010cesk\u00e9 Republiky a ze zahrani\u010d\u00ed.\u00a0<\/p>\n","protected":false},"excerpt":{"rendered":"<p>Jmenuji se Darek Jedzok &#8211; jsem bilingvn\u00ed rodil\u00fd mluv\u010d\u00ed, zab\u00fdv\u00e1m se p\u0159eklady a tlumo\u010den\u00edm z\/do pol\u0161tiny. Za dobu m\u00e9ho p\u016fsoben\u00ed v bran\u017ei jsem pracoval s pestrou paletou text\u016f &#8211; od obchodn\u00ed korespondence a\u017e po texty um\u011bleck\u00e9. K m\u00fdm spokojen\u00fdm klient\u016fm pat\u0159\u00ed nap\u0159\u00edklad p\u00edsni\u010dk\u00e1\u0159 Ivan Ml\u00e1dek, \u010detn\u00e9 nadn\u00e1rodn\u00ed spole\u010dnosti a kulturn\u00ed instituce, pro kter\u00e9 jsem zaji\u0161\u0165oval [&hellip;]<\/p>\n","protected":false},"author":1,"featured_media":0,"parent":0,"menu_order":1,"comment_status":"open","ping_status":"closed","template":"","meta":[],"_links":{"self":[{"href":"https:\/\/www.jedzok.com\/index.php?rest_route=\/wp\/v2\/pages\/5"}],"collection":[{"href":"https:\/\/www.jedzok.com\/index.php?rest_route=\/wp\/v2\/pages"}],"about":[{"href":"https:\/\/www.jedzok.com\/index.php?rest_route=\/wp\/v2\/types\/page"}],"author":[{"embeddable":true,"href":"https:\/\/www.jedzok.com\/index.php?rest_route=\/wp\/v2\/users\/1"}],"replies":[{"embeddable":true,"href":"https:\/\/www.jedzok.com\/index.php?rest_route=%2Fwp%2Fv2%2Fcomments&post=5"}],"version-history":[{"count":17,"href":"https:\/\/www.jedzok.com\/index.php?rest_route=\/wp\/v2\/pages\/5\/revisions"}],"predecessor-version":[{"id":95,"href":"https:\/\/www.jedzok.com\/index.php?rest_route=\/wp\/v2\/pages\/5\/revisions\/95"}],"wp:attachment":[{"href":"https:\/\/www.jedzok.com\/index.php?rest_route=%2Fwp%2Fv2%2Fmedia&parent=5"}],"curies":[{"name":"wp","href":"https:\/\/api.w.org\/{rel}","templated":true}]}}