{"id":21,"date":"2013-03-06T11:35:28","date_gmt":"2013-03-06T10:35:28","guid":{"rendered":"http:\/\/new.jedzok.com\/?page_id=21"},"modified":"2014-04-08T10:53:25","modified_gmt":"2014-04-08T09:53:25","slug":"ocistec","status":"publish","type":"page","link":"https:\/\/www.jedzok.com\/?page_id=21","title":{"rendered":"O\u010distec"},"content":{"rendered":"<p>Pro\u010d se vyplat\u00ed investovat do dobr\u00e9ho p\u0159ekladatele:<\/p>\n<p><a href=\"http:\/\/www.jedzok.com\/wp-content\/uploads\/2013\/03\/001cz.jpg\" rel=\"lightbox[21]\"><img loading=\"lazy\" width=\"240\" height=\"160\" class=\" wp-image-26 alignnone\" title=\"przyprawy - ko\u0159en\u00ed \/ przygotowania - p\u0159\u00edpravy\" alt=\"001cz\" src=\"http:\/\/www.jedzok.com\/wp-content\/uploads\/2013\/03\/001cz-240x160.jpg\" \/><\/a><\/p>\n<p><a href=\"http:\/\/www.jedzok.com\/wp-content\/uploads\/2013\/03\/002cz.jpg\" rel=\"lightbox[21]\"><img loading=\"lazy\" width=\"240\" height=\"160\" class=\"alignnone  wp-image-28\" alt=\"002cz\" src=\"http:\/\/www.jedzok.com\/wp-content\/uploads\/2013\/03\/002cz-240x160.jpg\" srcset=\"https:\/\/www.jedzok.com\/wp-content\/uploads\/2013\/03\/002cz-240x160.jpg 240w, https:\/\/www.jedzok.com\/wp-content\/uploads\/2013\/03\/002cz-480x320.jpg 480w, https:\/\/www.jedzok.com\/wp-content\/uploads\/2013\/03\/002cz.jpg 900w\" sizes=\"(max-width: 240px) 100vw, 240px\" \/><\/a><\/p>\n<p><a href=\"http:\/\/www.jedzok.com\/wp-content\/uploads\/2013\/03\/003cz.jpg\" rel=\"lightbox[21]\"><img loading=\"lazy\" width=\"240\" height=\"160\" class=\"alignnone  wp-image-32\" alt=\"003cz\" src=\"http:\/\/www.jedzok.com\/wp-content\/uploads\/2013\/03\/003cz-240x160.jpg\" srcset=\"https:\/\/www.jedzok.com\/wp-content\/uploads\/2013\/03\/003cz-240x160.jpg 240w, https:\/\/www.jedzok.com\/wp-content\/uploads\/2013\/03\/003cz-480x320.jpg 480w, https:\/\/www.jedzok.com\/wp-content\/uploads\/2013\/03\/003cz.jpg 900w\" sizes=\"(max-width: 240px) 100vw, 240px\" \/><\/a><\/p>\n","protected":false},"excerpt":{"rendered":"<p>Pro\u010d se vyplat\u00ed investovat do dobr\u00e9ho p\u0159ekladatele:<\/p>\n","protected":false},"author":2,"featured_media":0,"parent":0,"menu_order":4,"comment_status":"closed","ping_status":"closed","template":"","meta":[],"_links":{"self":[{"href":"https:\/\/www.jedzok.com\/index.php?rest_route=\/wp\/v2\/pages\/21"}],"collection":[{"href":"https:\/\/www.jedzok.com\/index.php?rest_route=\/wp\/v2\/pages"}],"about":[{"href":"https:\/\/www.jedzok.com\/index.php?rest_route=\/wp\/v2\/types\/page"}],"author":[{"embeddable":true,"href":"https:\/\/www.jedzok.com\/index.php?rest_route=\/wp\/v2\/users\/2"}],"replies":[{"embeddable":true,"href":"https:\/\/www.jedzok.com\/index.php?rest_route=%2Fwp%2Fv2%2Fcomments&post=21"}],"version-history":[{"count":17,"href":"https:\/\/www.jedzok.com\/index.php?rest_route=\/wp\/v2\/pages\/21\/revisions"}],"predecessor-version":[{"id":35,"href":"https:\/\/www.jedzok.com\/index.php?rest_route=\/wp\/v2\/pages\/21\/revisions\/35"}],"wp:attachment":[{"href":"https:\/\/www.jedzok.com\/index.php?rest_route=%2Fwp%2Fv2%2Fmedia&parent=21"}],"curies":[{"name":"wp","href":"https:\/\/api.w.org\/{rel}","templated":true}]}}